{"id":25,"date":"2020-05-26T16:04:15","date_gmt":"2020-05-26T16:04:15","guid":{"rendered":"http:\/\/deschmidt.de\/?page_id=25"},"modified":"2020-11-14T12:01:28","modified_gmt":"2020-11-14T12:01:28","slug":"unterricht","status":"publish","type":"page","link":"https:\/\/deschmidt.de\/?page_id=25","title":{"rendered":"Unterricht"},"content":{"rendered":"\n<h2 class=\"wp-block-heading\">Ein paar Impressionen von meiner Arbeit <\/h2>\n\n\n\n<p><\/p>\n\n\n\n<figure class=\"wp-block-gallery columns-3 is-cropped wp-block-gallery-1 is-layout-flex wp-block-gallery-is-layout-flex\"><ul class=\"blocks-gallery-grid\"><li class=\"blocks-gallery-item\"><figure><img loading=\"lazy\" decoding=\"async\" width=\"976\" height=\"1024\" src=\"https:\/\/deschmidt.de\/wp-content\/uploads\/2020\/10\/P1220170-01-01-976x1024.jpeg\" alt=\"\" data-id=\"147\" data-full-url=\"https:\/\/deschmidt.de\/wp-content\/uploads\/2020\/10\/P1220170-01-01-scaled.jpeg\" data-link=\"https:\/\/deschmidt.de\/?attachment_id=147\" class=\"wp-image-147\" srcset=\"https:\/\/deschmidt.de\/wp-content\/uploads\/2020\/10\/P1220170-01-01-976x1024.jpeg 976w, https:\/\/deschmidt.de\/wp-content\/uploads\/2020\/10\/P1220170-01-01-286x300.jpeg 286w, https:\/\/deschmidt.de\/wp-content\/uploads\/2020\/10\/P1220170-01-01-768x806.jpeg 768w, https:\/\/deschmidt.de\/wp-content\/uploads\/2020\/10\/P1220170-01-01-1464x1536.jpeg 1464w, https:\/\/deschmidt.de\/wp-content\/uploads\/2020\/10\/P1220170-01-01-1953x2048.jpeg 1953w, https:\/\/deschmidt.de\/wp-content\/uploads\/2020\/10\/P1220170-01-01-1200x1259.jpeg 1200w\" sizes=\"(max-width: 709px) 85vw, (max-width: 909px) 67vw, (max-width: 1362px) 62vw, 840px\" \/><\/figure><\/li><li class=\"blocks-gallery-item\"><figure><img loading=\"lazy\" decoding=\"async\" width=\"683\" height=\"1024\" src=\"https:\/\/deschmidt.de\/wp-content\/uploads\/2020\/10\/P1220244-01-683x1024.jpeg\" alt=\"\" data-id=\"149\" data-full-url=\"https:\/\/deschmidt.de\/wp-content\/uploads\/2020\/10\/P1220244-01-scaled.jpeg\" data-link=\"https:\/\/deschmidt.de\/?attachment_id=149\" class=\"wp-image-149\" srcset=\"https:\/\/deschmidt.de\/wp-content\/uploads\/2020\/10\/P1220244-01-683x1024.jpeg 683w, https:\/\/deschmidt.de\/wp-content\/uploads\/2020\/10\/P1220244-01-200x300.jpeg 200w, https:\/\/deschmidt.de\/wp-content\/uploads\/2020\/10\/P1220244-01-768x1152.jpeg 768w, https:\/\/deschmidt.de\/wp-content\/uploads\/2020\/10\/P1220244-01-1024x1536.jpeg 1024w, https:\/\/deschmidt.de\/wp-content\/uploads\/2020\/10\/P1220244-01-1365x2048.jpeg 1365w, https:\/\/deschmidt.de\/wp-content\/uploads\/2020\/10\/P1220244-01-1200x1800.jpeg 1200w, https:\/\/deschmidt.de\/wp-content\/uploads\/2020\/10\/P1220244-01-scaled.jpeg 1707w\" sizes=\"(max-width: 683px) 85vw, 683px\" \/><\/figure><\/li><li class=\"blocks-gallery-item\"><figure><img loading=\"lazy\" decoding=\"async\" width=\"1024\" height=\"985\" src=\"https:\/\/deschmidt.de\/wp-content\/uploads\/2020\/10\/P1220380-01-1024x985.jpeg\" alt=\"\" data-id=\"151\" data-full-url=\"https:\/\/deschmidt.de\/wp-content\/uploads\/2020\/10\/P1220380-01-scaled.jpeg\" data-link=\"https:\/\/deschmidt.de\/?attachment_id=151\" class=\"wp-image-151\" srcset=\"https:\/\/deschmidt.de\/wp-content\/uploads\/2020\/10\/P1220380-01-1024x985.jpeg 1024w, https:\/\/deschmidt.de\/wp-content\/uploads\/2020\/10\/P1220380-01-300x289.jpeg 300w, https:\/\/deschmidt.de\/wp-content\/uploads\/2020\/10\/P1220380-01-768x739.jpeg 768w, https:\/\/deschmidt.de\/wp-content\/uploads\/2020\/10\/P1220380-01-1536x1478.jpeg 1536w, https:\/\/deschmidt.de\/wp-content\/uploads\/2020\/10\/P1220380-01-2048x1971.jpeg 2048w, https:\/\/deschmidt.de\/wp-content\/uploads\/2020\/10\/P1220380-01-1200x1155.jpeg 1200w\" sizes=\"(max-width: 709px) 85vw, (max-width: 909px) 67vw, (max-width: 1362px) 62vw, 840px\" \/><\/figure><\/li><li class=\"blocks-gallery-item\"><figure><img loading=\"lazy\" decoding=\"async\" width=\"1024\" height=\"863\" src=\"https:\/\/deschmidt.de\/wp-content\/uploads\/2020\/10\/P1220371-01-1024x863.jpeg\" alt=\"\" data-id=\"150\" data-full-url=\"https:\/\/deschmidt.de\/wp-content\/uploads\/2020\/10\/P1220371-01-scaled.jpeg\" data-link=\"https:\/\/deschmidt.de\/?attachment_id=150\" class=\"wp-image-150\" srcset=\"https:\/\/deschmidt.de\/wp-content\/uploads\/2020\/10\/P1220371-01-1024x863.jpeg 1024w, https:\/\/deschmidt.de\/wp-content\/uploads\/2020\/10\/P1220371-01-300x253.jpeg 300w, https:\/\/deschmidt.de\/wp-content\/uploads\/2020\/10\/P1220371-01-768x647.jpeg 768w, https:\/\/deschmidt.de\/wp-content\/uploads\/2020\/10\/P1220371-01-1536x1294.jpeg 1536w, https:\/\/deschmidt.de\/wp-content\/uploads\/2020\/10\/P1220371-01-2048x1726.jpeg 2048w, https:\/\/deschmidt.de\/wp-content\/uploads\/2020\/10\/P1220371-01-1200x1011.jpeg 1200w\" sizes=\"(max-width: 709px) 85vw, (max-width: 909px) 67vw, (max-width: 1362px) 62vw, 840px\" \/><\/figure><\/li><li class=\"blocks-gallery-item\"><figure><img loading=\"lazy\" decoding=\"async\" width=\"1024\" height=\"772\" src=\"https:\/\/deschmidt.de\/wp-content\/uploads\/2020\/10\/P1220239-01-1024x772.jpeg\" alt=\"\" data-id=\"148\" data-full-url=\"https:\/\/deschmidt.de\/wp-content\/uploads\/2020\/10\/P1220239-01-scaled.jpeg\" data-link=\"https:\/\/deschmidt.de\/?attachment_id=148\" class=\"wp-image-148\" srcset=\"https:\/\/deschmidt.de\/wp-content\/uploads\/2020\/10\/P1220239-01-1024x772.jpeg 1024w, https:\/\/deschmidt.de\/wp-content\/uploads\/2020\/10\/P1220239-01-300x226.jpeg 300w, https:\/\/deschmidt.de\/wp-content\/uploads\/2020\/10\/P1220239-01-768x579.jpeg 768w, https:\/\/deschmidt.de\/wp-content\/uploads\/2020\/10\/P1220239-01-1536x1157.jpeg 1536w, https:\/\/deschmidt.de\/wp-content\/uploads\/2020\/10\/P1220239-01-2048x1543.jpeg 2048w, https:\/\/deschmidt.de\/wp-content\/uploads\/2020\/10\/P1220239-01-1200x904.jpeg 1200w\" sizes=\"(max-width: 709px) 85vw, (max-width: 909px) 67vw, (max-width: 1362px) 62vw, 840px\" \/><\/figure><\/li><\/ul><figcaption class=\"blocks-gallery-caption\">Handarbeit mit der sch\u00f6nen Chiqui, einer noch sehr jungen spanischen Stute mit viel Potenzial.<\/figcaption><\/figure>\n\n\n\n<figure class=\"wp-block-gallery columns-3 is-cropped wp-block-gallery-2 is-layout-flex wp-block-gallery-is-layout-flex\"><ul class=\"blocks-gallery-grid\"><li class=\"blocks-gallery-item\"><figure><img loading=\"lazy\" decoding=\"async\" width=\"1024\" height=\"981\" src=\"https:\/\/deschmidt.de\/wp-content\/uploads\/2020\/10\/P1220678-01-1024x981.jpeg\" alt=\"\" data-id=\"152\" data-full-url=\"https:\/\/deschmidt.de\/wp-content\/uploads\/2020\/10\/P1220678-01-scaled.jpeg\" data-link=\"https:\/\/deschmidt.de\/?attachment_id=152\" class=\"wp-image-152\" srcset=\"https:\/\/deschmidt.de\/wp-content\/uploads\/2020\/10\/P1220678-01-1024x981.jpeg 1024w, https:\/\/deschmidt.de\/wp-content\/uploads\/2020\/10\/P1220678-01-300x288.jpeg 300w, https:\/\/deschmidt.de\/wp-content\/uploads\/2020\/10\/P1220678-01-768x736.jpeg 768w, https:\/\/deschmidt.de\/wp-content\/uploads\/2020\/10\/P1220678-01-1536x1472.jpeg 1536w, https:\/\/deschmidt.de\/wp-content\/uploads\/2020\/10\/P1220678-01-2048x1963.jpeg 2048w, https:\/\/deschmidt.de\/wp-content\/uploads\/2020\/10\/P1220678-01-1200x1150.jpeg 1200w\" sizes=\"(max-width: 709px) 85vw, (max-width: 909px) 67vw, (max-width: 1362px) 62vw, 840px\" \/><\/figure><\/li><li class=\"blocks-gallery-item\"><figure><img loading=\"lazy\" decoding=\"async\" width=\"1024\" height=\"902\" src=\"https:\/\/deschmidt.de\/wp-content\/uploads\/2020\/10\/P1220771-01-1024x902.jpeg\" alt=\"\" data-id=\"153\" data-full-url=\"https:\/\/deschmidt.de\/wp-content\/uploads\/2020\/10\/P1220771-01-scaled.jpeg\" data-link=\"https:\/\/deschmidt.de\/?attachment_id=153\" class=\"wp-image-153\" srcset=\"https:\/\/deschmidt.de\/wp-content\/uploads\/2020\/10\/P1220771-01-1024x902.jpeg 1024w, https:\/\/deschmidt.de\/wp-content\/uploads\/2020\/10\/P1220771-01-300x264.jpeg 300w, https:\/\/deschmidt.de\/wp-content\/uploads\/2020\/10\/P1220771-01-768x676.jpeg 768w, https:\/\/deschmidt.de\/wp-content\/uploads\/2020\/10\/P1220771-01-1536x1353.jpeg 1536w, https:\/\/deschmidt.de\/wp-content\/uploads\/2020\/10\/P1220771-01-2048x1803.jpeg 2048w, https:\/\/deschmidt.de\/wp-content\/uploads\/2020\/10\/P1220771-01-1200x1057.jpeg 1200w\" sizes=\"(max-width: 709px) 85vw, (max-width: 909px) 67vw, (max-width: 1362px) 62vw, 840px\" \/><\/figure><\/li><li class=\"blocks-gallery-item\"><figure><img loading=\"lazy\" decoding=\"async\" width=\"1024\" height=\"904\" src=\"https:\/\/deschmidt.de\/wp-content\/uploads\/2020\/10\/P1220783-01-1024x904.jpeg\" alt=\"\" data-id=\"154\" data-full-url=\"https:\/\/deschmidt.de\/wp-content\/uploads\/2020\/10\/P1220783-01-scaled.jpeg\" data-link=\"https:\/\/deschmidt.de\/?attachment_id=154\" class=\"wp-image-154\" srcset=\"https:\/\/deschmidt.de\/wp-content\/uploads\/2020\/10\/P1220783-01-1024x904.jpeg 1024w, https:\/\/deschmidt.de\/wp-content\/uploads\/2020\/10\/P1220783-01-300x265.jpeg 300w, https:\/\/deschmidt.de\/wp-content\/uploads\/2020\/10\/P1220783-01-768x678.jpeg 768w, https:\/\/deschmidt.de\/wp-content\/uploads\/2020\/10\/P1220783-01-1536x1356.jpeg 1536w, https:\/\/deschmidt.de\/wp-content\/uploads\/2020\/10\/P1220783-01-2048x1808.jpeg 2048w, https:\/\/deschmidt.de\/wp-content\/uploads\/2020\/10\/P1220783-01-1200x1060.jpeg 1200w\" sizes=\"(max-width: 709px) 85vw, (max-width: 909px) 67vw, (max-width: 1362px) 62vw, 840px\" \/><\/figure><\/li><li class=\"blocks-gallery-item\"><figure><img loading=\"lazy\" decoding=\"async\" width=\"1024\" height=\"895\" src=\"https:\/\/deschmidt.de\/wp-content\/uploads\/2020\/10\/P1220984-01-1024x895.jpeg\" alt=\"\" data-id=\"155\" data-full-url=\"https:\/\/deschmidt.de\/wp-content\/uploads\/2020\/10\/P1220984-01-scaled.jpeg\" data-link=\"https:\/\/deschmidt.de\/?attachment_id=155\" class=\"wp-image-155\" srcset=\"https:\/\/deschmidt.de\/wp-content\/uploads\/2020\/10\/P1220984-01-1024x895.jpeg 1024w, https:\/\/deschmidt.de\/wp-content\/uploads\/2020\/10\/P1220984-01-300x262.jpeg 300w, https:\/\/deschmidt.de\/wp-content\/uploads\/2020\/10\/P1220984-01-768x671.jpeg 768w, https:\/\/deschmidt.de\/wp-content\/uploads\/2020\/10\/P1220984-01-1536x1343.jpeg 1536w, https:\/\/deschmidt.de\/wp-content\/uploads\/2020\/10\/P1220984-01-2048x1790.jpeg 2048w, https:\/\/deschmidt.de\/wp-content\/uploads\/2020\/10\/P1220984-01-1200x1049.jpeg 1200w\" sizes=\"(max-width: 709px) 85vw, (max-width: 909px) 67vw, (max-width: 1362px) 62vw, 840px\" \/><\/figure><\/li><li class=\"blocks-gallery-item\"><figure><img loading=\"lazy\" decoding=\"async\" width=\"1024\" height=\"799\" src=\"https:\/\/deschmidt.de\/wp-content\/uploads\/2020\/10\/P1230226-01-1024x799.jpeg\" alt=\"\" data-id=\"157\" data-full-url=\"https:\/\/deschmidt.de\/wp-content\/uploads\/2020\/10\/P1230226-01-scaled.jpeg\" data-link=\"https:\/\/deschmidt.de\/?attachment_id=157\" class=\"wp-image-157\" srcset=\"https:\/\/deschmidt.de\/wp-content\/uploads\/2020\/10\/P1230226-01-1024x799.jpeg 1024w, https:\/\/deschmidt.de\/wp-content\/uploads\/2020\/10\/P1230226-01-300x234.jpeg 300w, https:\/\/deschmidt.de\/wp-content\/uploads\/2020\/10\/P1230226-01-768x599.jpeg 768w, https:\/\/deschmidt.de\/wp-content\/uploads\/2020\/10\/P1230226-01-1536x1199.jpeg 1536w, https:\/\/deschmidt.de\/wp-content\/uploads\/2020\/10\/P1230226-01-2048x1598.jpeg 2048w\" sizes=\"(max-width: 709px) 85vw, (max-width: 909px) 67vw, (max-width: 1362px) 62vw, 840px\" \/><\/figure><\/li><\/ul><figcaption class=\"blocks-gallery-caption\">Beritt und Reitunterricht auch im Westernstil, denn gutes Horsemanship ist immer reitweisenunabh\u00e4ngig. Hier arbeite ich mit Anja an der korrekten Hilfengebung.<\/figcaption><\/figure>\n\n\n\n<figure class=\"wp-block-gallery columns-3 is-cropped wp-block-gallery-3 is-layout-flex wp-block-gallery-is-layout-flex\"><ul class=\"blocks-gallery-grid\"><li class=\"blocks-gallery-item\"><figure><img loading=\"lazy\" decoding=\"async\" width=\"1024\" height=\"886\" src=\"https:\/\/deschmidt.de\/wp-content\/uploads\/2020\/10\/P1210800-01-1024x886.jpeg\" alt=\"\" data-id=\"158\" data-link=\"https:\/\/deschmidt.de\/?attachment_id=158\" class=\"wp-image-158\" srcset=\"https:\/\/deschmidt.de\/wp-content\/uploads\/2020\/10\/P1210800-01-1024x886.jpeg 1024w, https:\/\/deschmidt.de\/wp-content\/uploads\/2020\/10\/P1210800-01-300x260.jpeg 300w, https:\/\/deschmidt.de\/wp-content\/uploads\/2020\/10\/P1210800-01-768x664.jpeg 768w, https:\/\/deschmidt.de\/wp-content\/uploads\/2020\/10\/P1210800-01-1536x1329.jpeg 1536w, https:\/\/deschmidt.de\/wp-content\/uploads\/2020\/10\/P1210800-01-2048x1772.jpeg 2048w, https:\/\/deschmidt.de\/wp-content\/uploads\/2020\/10\/P1210800-01-1200x1038.jpeg 1200w\" sizes=\"(max-width: 709px) 85vw, (max-width: 909px) 67vw, (max-width: 1362px) 62vw, 840px\" \/><\/figure><\/li><li class=\"blocks-gallery-item\"><figure><img loading=\"lazy\" decoding=\"async\" width=\"971\" height=\"1024\" src=\"https:\/\/deschmidt.de\/wp-content\/uploads\/2020\/10\/P1220155-01-971x1024.jpeg\" alt=\"\" data-id=\"159\" data-link=\"https:\/\/deschmidt.de\/?attachment_id=159\" class=\"wp-image-159\" srcset=\"https:\/\/deschmidt.de\/wp-content\/uploads\/2020\/10\/P1220155-01-971x1024.jpeg 971w, https:\/\/deschmidt.de\/wp-content\/uploads\/2020\/10\/P1220155-01-284x300.jpeg 284w, https:\/\/deschmidt.de\/wp-content\/uploads\/2020\/10\/P1220155-01-768x810.jpeg 768w, https:\/\/deschmidt.de\/wp-content\/uploads\/2020\/10\/P1220155-01-1456x1536.jpeg 1456w, https:\/\/deschmidt.de\/wp-content\/uploads\/2020\/10\/P1220155-01-1942x2048.jpeg 1942w, https:\/\/deschmidt.de\/wp-content\/uploads\/2020\/10\/P1220155-01-1200x1266.jpeg 1200w\" sizes=\"(max-width: 709px) 85vw, (max-width: 909px) 67vw, (max-width: 1362px) 62vw, 840px\" \/><\/figure><\/li><li class=\"blocks-gallery-item\"><figure><img loading=\"lazy\" decoding=\"async\" width=\"975\" height=\"1024\" src=\"https:\/\/deschmidt.de\/wp-content\/uploads\/2020\/10\/P1210891-01-975x1024.jpeg\" alt=\"\" data-id=\"160\" data-full-url=\"https:\/\/deschmidt.de\/wp-content\/uploads\/2020\/10\/P1210891-01.jpeg\" data-link=\"https:\/\/deschmidt.de\/?attachment_id=160\" class=\"wp-image-160\" srcset=\"https:\/\/deschmidt.de\/wp-content\/uploads\/2020\/10\/P1210891-01-975x1024.jpeg 975w, https:\/\/deschmidt.de\/wp-content\/uploads\/2020\/10\/P1210891-01-286x300.jpeg 286w, https:\/\/deschmidt.de\/wp-content\/uploads\/2020\/10\/P1210891-01-768x806.jpeg 768w, https:\/\/deschmidt.de\/wp-content\/uploads\/2020\/10\/P1210891-01-1463x1536.jpeg 1463w, https:\/\/deschmidt.de\/wp-content\/uploads\/2020\/10\/P1210891-01-1950x2048.jpeg 1950w, https:\/\/deschmidt.de\/wp-content\/uploads\/2020\/10\/P1210891-01-1200x1260.jpeg 1200w\" sizes=\"(max-width: 709px) 85vw, (max-width: 909px) 67vw, (max-width: 1362px) 62vw, 840px\" \/><\/figure><\/li><\/ul><figcaption class=\"blocks-gallery-caption\">Ein wahrer Streber bei den Seiteng\u00e4ngen. Zur Zeit arbeite ich mit Spanier &#8222;Schlumpf&#8220; an der korrekten Hankenbeugung.<\/figcaption><\/figure>\n\n\n\n<div class=\"wp-block-group\"><div class=\"wp-block-group__inner-container is-layout-flow wp-block-group-is-layout-flow\">\n<figure class=\"wp-block-gallery columns-3 is-cropped wp-block-gallery-4 is-layout-flex wp-block-gallery-is-layout-flex\"><ul class=\"blocks-gallery-grid\"><li class=\"blocks-gallery-item\"><figure><img loading=\"lazy\" decoding=\"async\" width=\"1024\" height=\"933\" src=\"https:\/\/deschmidt.de\/wp-content\/uploads\/2020\/10\/1603387280290-1-1024x933.jpeg\" alt=\"\" data-id=\"200\" data-full-url=\"https:\/\/deschmidt.de\/wp-content\/uploads\/2020\/10\/1603387280290-1-scaled.jpeg\" data-link=\"https:\/\/deschmidt.de\/?attachment_id=200\" class=\"wp-image-200\" srcset=\"https:\/\/deschmidt.de\/wp-content\/uploads\/2020\/10\/1603387280290-1-1024x933.jpeg 1024w, https:\/\/deschmidt.de\/wp-content\/uploads\/2020\/10\/1603387280290-1-300x273.jpeg 300w, https:\/\/deschmidt.de\/wp-content\/uploads\/2020\/10\/1603387280290-1-768x700.jpeg 768w, https:\/\/deschmidt.de\/wp-content\/uploads\/2020\/10\/1603387280290-1-1536x1400.jpeg 1536w, https:\/\/deschmidt.de\/wp-content\/uploads\/2020\/10\/1603387280290-1-2048x1867.jpeg 2048w, https:\/\/deschmidt.de\/wp-content\/uploads\/2020\/10\/1603387280290-1-1200x1094.jpeg 1200w\" sizes=\"(max-width: 709px) 85vw, (max-width: 909px) 67vw, (max-width: 1362px) 62vw, 840px\" \/><\/figure><\/li><li class=\"blocks-gallery-item\"><figure><img loading=\"lazy\" decoding=\"async\" width=\"1024\" height=\"959\" src=\"https:\/\/deschmidt.de\/wp-content\/uploads\/2020\/10\/1603387280300-1024x959.jpeg\" alt=\"\" data-id=\"201\" data-full-url=\"https:\/\/deschmidt.de\/wp-content\/uploads\/2020\/10\/1603387280300.jpeg\" data-link=\"https:\/\/deschmidt.de\/?attachment_id=201\" class=\"wp-image-201\" srcset=\"https:\/\/deschmidt.de\/wp-content\/uploads\/2020\/10\/1603387280300-1024x959.jpeg 1024w, https:\/\/deschmidt.de\/wp-content\/uploads\/2020\/10\/1603387280300-300x281.jpeg 300w, https:\/\/deschmidt.de\/wp-content\/uploads\/2020\/10\/1603387280300-768x719.jpeg 768w, https:\/\/deschmidt.de\/wp-content\/uploads\/2020\/10\/1603387280300-1536x1438.jpeg 1536w, https:\/\/deschmidt.de\/wp-content\/uploads\/2020\/10\/1603387280300-2048x1918.jpeg 2048w, https:\/\/deschmidt.de\/wp-content\/uploads\/2020\/10\/1603387280300-1200x1124.jpeg 1200w\" sizes=\"(max-width: 709px) 85vw, (max-width: 909px) 67vw, (max-width: 1362px) 62vw, 840px\" \/><\/figure><\/li><li class=\"blocks-gallery-item\"><figure><img loading=\"lazy\" decoding=\"async\" width=\"1024\" height=\"953\" src=\"https:\/\/deschmidt.de\/wp-content\/uploads\/2020\/10\/1603387280310-1024x953.jpeg\" alt=\"\" data-id=\"202\" data-full-url=\"https:\/\/deschmidt.de\/wp-content\/uploads\/2020\/10\/1603387280310.jpeg\" data-link=\"https:\/\/deschmidt.de\/?attachment_id=202\" class=\"wp-image-202\" srcset=\"https:\/\/deschmidt.de\/wp-content\/uploads\/2020\/10\/1603387280310-1024x953.jpeg 1024w, https:\/\/deschmidt.de\/wp-content\/uploads\/2020\/10\/1603387280310-300x279.jpeg 300w, https:\/\/deschmidt.de\/wp-content\/uploads\/2020\/10\/1603387280310-768x715.jpeg 768w, https:\/\/deschmidt.de\/wp-content\/uploads\/2020\/10\/1603387280310-1536x1429.jpeg 1536w, https:\/\/deschmidt.de\/wp-content\/uploads\/2020\/10\/1603387280310-2048x1905.jpeg 2048w, https:\/\/deschmidt.de\/wp-content\/uploads\/2020\/10\/1603387280310-1200x1116.jpeg 1200w\" sizes=\"(max-width: 709px) 85vw, (max-width: 909px) 67vw, (max-width: 1362px) 62vw, 840px\" \/><\/figure><\/li><\/ul><figcaption class=\"blocks-gallery-caption\">Egal in welchem Sattel, gesunderhaltenes Reiten hilft Jedem. Hier trainiere ich mit Anna und ihrer Stute Baroness.<\/figcaption><\/figure>\n<\/div><\/div>\n\n\n\n<h2 class=\"wp-block-heading\">Was meine Sch\u00fcler \u00fcber mich sagen<\/h2>\n\n\n\n<p><br><strong>Klassisch Reiterin Anna mit Warmblut Stute Baroness sagt:<\/strong><br>&#8222;<em>Annika holt Pferd und Reiter individuell ab, wo sie stehen. Sie f\u00fchrt spielerisch an die Lektionen heran und erkl\u00e4rt sehr anschaulich. Dabei achtet sie auch sehr genau auf den Reitersitz und die korrekte Hilfengebung! Ich freue mich, noch viel mehr von ihr lernen zu d\u00fcrfen.<\/em>&#8222;<\/p>\n\n\n\n<p><strong>Freda aus D\u00fcsseldorf sagt:<\/strong><br>&#8222;<em>Ich bin eigentlich Westernreiterin und habe bei Annika in die klassiche Reitkunst hineingeschnuppert. Davon mitgenommen habe ich vor allem einige gymnastizierende Man\u00f6ver, die ich jetzt selber in das Training meiner Pferde mit einbaue. Au\u00dferdem ist es immer gut, wenn jemand kritisch auf deinen Sitz schaut, denn es schleichen sich so schnell kleine &#8222;Fl\u00fcchtigkeitsfehler&#8220; ein, selbst  wenn man t\u00e4glich auf dem Pferd sitzt.<\/em>&#8222;<\/p>\n\n\n\n<p><strong>Anja und ihr Palomino Wallach Daylight geh\u00f6ren auch zu unseren Fotomodels von oben:<\/strong><br>&#8222;<em>Reitunterricht einmal anders: Ruhige Stimme, Humor und Achtsamkeit zeichnen Annikas Reitunterricht aus. Sie hat dabei Pferd und Reiter im Blick und f\u00fchrt anschaulich an die verschiedenen gymnastizierenden \u00dcbungen und die Hilfengebung heran. Ihr Unterricht macht einfach sehr viel Spa\u00df.<\/em>&#8222;<\/p>\n","protected":false},"excerpt":{"rendered":"<p>Ein paar Impressionen von meiner Arbeit Was meine Sch\u00fcler \u00fcber mich sagen Klassisch Reiterin Anna mit Warmblut Stute Baroness sagt:&#8222;Annika holt Pferd und Reiter individuell ab, wo sie stehen. Sie f\u00fchrt spielerisch an die Lektionen heran und erkl\u00e4rt sehr anschaulich. Dabei achtet sie auch sehr genau auf den Reitersitz und die korrekte Hilfengebung! Ich freue &hellip; <a href=\"https:\/\/deschmidt.de\/?page_id=25\" class=\"more-link\"><span class=\"screen-reader-text\">\u201eUnterricht\u201c<\/span> weiterlesen<\/a><\/p>\n","protected":false},"author":1,"featured_media":0,"parent":0,"menu_order":2,"comment_status":"closed","ping_status":"closed","template":"","meta":{"footnotes":""},"_links":{"self":[{"href":"https:\/\/deschmidt.de\/index.php?rest_route=\/wp\/v2\/pages\/25"}],"collection":[{"href":"https:\/\/deschmidt.de\/index.php?rest_route=\/wp\/v2\/pages"}],"about":[{"href":"https:\/\/deschmidt.de\/index.php?rest_route=\/wp\/v2\/types\/page"}],"author":[{"embeddable":true,"href":"https:\/\/deschmidt.de\/index.php?rest_route=\/wp\/v2\/users\/1"}],"replies":[{"embeddable":true,"href":"https:\/\/deschmidt.de\/index.php?rest_route=%2Fwp%2Fv2%2Fcomments&post=25"}],"version-history":[{"count":18,"href":"https:\/\/deschmidt.de\/index.php?rest_route=\/wp\/v2\/pages\/25\/revisions"}],"predecessor-version":[{"id":226,"href":"https:\/\/deschmidt.de\/index.php?rest_route=\/wp\/v2\/pages\/25\/revisions\/226"}],"wp:attachment":[{"href":"https:\/\/deschmidt.de\/index.php?rest_route=%2Fwp%2Fv2%2Fmedia&parent=25"}],"curies":[{"name":"wp","href":"https:\/\/api.w.org\/{rel}","templated":true}]}}