{"id":4,"date":"2020-05-26T15:57:05","date_gmt":"2020-05-26T15:57:05","guid":{"rendered":"http:\/\/deschmidt.de\/?page_id=4"},"modified":"2023-12-30T09:52:15","modified_gmt":"2023-12-30T09:52:15","slug":"home","status":"publish","type":"page","link":"https:\/\/deschmidt.de\/","title":{"rendered":"Home"},"content":{"rendered":"\n<h2 class=\"wp-block-heading\">Meine Definition von &#8222;klassischer Reitkunst&#8220;<\/h2>\n\n\n\n<p>Im Internet finden sich viele Definitionen zu \u201eklassicher Reitkunst\u201c, dabei geht es vor allem darum, K\u00f6rper und Geist von Pferd und Reiter in Einklang zu bringen, mit Hilfe von gymnastizierender Arbeit im Rahmen der nat\u00fcrlichen Anatomie des Pferdes.<\/p>\n\n\n\n<p>Diese Interpretationen kommen schon sehr nah an meine Philosophie der klassischen Reitkunst heran. Dadurch, dass ich in andere Reitstile nicht nur reingeschnuppert, sondern diese jahrelang praktiziert habe, lasse ich mich gerne davon inspirieren, und schaue auch einmal \u00fcber den Tellerrand. Wobei die Gesunderhaltung des Pferdes f\u00fcr mich immer an erster Stelle steht.<\/p>\n\n\n\n<p>Kein Pferd wird als Reitpferd geboren. Wenn uns diese edlen Gesch\u00f6pfe willig und vertrauensvoll durch die Welt tragen sollen, m\u00fcssen wir als Menschen die Grundlage daf\u00fcr schaffen, dass sie k\u00f6rperlich in der Lage dazu sind. Daf\u00fcr bedarf es einer gesunderhaltenden <strong>Gymnastizierung<\/strong>, die auf den zwei S\u00e4ulen <strong>Timing<\/strong> und <strong>Hilfengebung<\/strong> basiert.<\/p>\n\n\n\n<div class=\"wp-block-image\"><figure class=\"aligncenter size-large\"><img loading=\"lazy\" decoding=\"async\" width=\"376\" height=\"215\" src=\"https:\/\/deschmidt.de\/wp-content\/uploads\/2020\/10\/dreieck.png\" alt=\"\" class=\"wp-image-103\" srcset=\"https:\/\/deschmidt.de\/wp-content\/uploads\/2020\/10\/dreieck.png 376w, https:\/\/deschmidt.de\/wp-content\/uploads\/2020\/10\/dreieck-300x172.png 300w\" sizes=\"(max-width: 376px) 85vw, 376px\" \/><\/figure><\/div>\n\n\n\n<p><\/p>\n\n\n\n<p>Wenn das Pferd lernt, klar gesetzte Hilfen eindeutig zu erkennen, wird es diesen willig folgen. Das exakte Timing ist dabei elementar.<\/p>\n\n\n\n<p>Reiten lernt man nicht an einem Tag, aber wenn der Mensch wei\u00df, <strong>wie <\/strong>er <strong>wann<\/strong> <strong>welche <\/strong>Hilfen einzusetzen hat, und diese genau <strong>dosiert<\/strong>, macht er es seinem Pferd so viel leichter, ihn zu verstehen. Das macht am Ende auch einen mentalen Unterschied bei Mensch und Tier.<\/p>\n\n\n\n<p><em>Annika de Schmidt<\/em><\/p>\n","protected":false},"excerpt":{"rendered":"<p>Meine Definition von &#8222;klassischer Reitkunst&#8220; Im Internet finden sich viele Definitionen zu \u201eklassicher Reitkunst\u201c, dabei geht es vor allem darum, K\u00f6rper und Geist von Pferd und Reiter in Einklang zu bringen, mit Hilfe von gymnastizierender Arbeit im Rahmen der nat\u00fcrlichen Anatomie des Pferdes. Diese Interpretationen kommen schon sehr nah an meine Philosophie der klassischen Reitkunst &hellip; <a href=\"https:\/\/deschmidt.de\/\" class=\"more-link\"><span class=\"screen-reader-text\">\u201eHome\u201c<\/span> weiterlesen<\/a><\/p>\n","protected":false},"author":1,"featured_media":270,"parent":0,"menu_order":1,"comment_status":"closed","ping_status":"closed","template":"","meta":{"footnotes":""},"_links":{"self":[{"href":"https:\/\/deschmidt.de\/index.php?rest_route=\/wp\/v2\/pages\/4"}],"collection":[{"href":"https:\/\/deschmidt.de\/index.php?rest_route=\/wp\/v2\/pages"}],"about":[{"href":"https:\/\/deschmidt.de\/index.php?rest_route=\/wp\/v2\/types\/page"}],"author":[{"embeddable":true,"href":"https:\/\/deschmidt.de\/index.php?rest_route=\/wp\/v2\/users\/1"}],"replies":[{"embeddable":true,"href":"https:\/\/deschmidt.de\/index.php?rest_route=%2Fwp%2Fv2%2Fcomments&post=4"}],"version-history":[{"count":8,"href":"https:\/\/deschmidt.de\/index.php?rest_route=\/wp\/v2\/pages\/4\/revisions"}],"predecessor-version":[{"id":131,"href":"https:\/\/deschmidt.de\/index.php?rest_route=\/wp\/v2\/pages\/4\/revisions\/131"}],"wp:featuredmedia":[{"embeddable":true,"href":"https:\/\/deschmidt.de\/index.php?rest_route=\/wp\/v2\/media\/270"}],"wp:attachment":[{"href":"https:\/\/deschmidt.de\/index.php?rest_route=%2Fwp%2Fv2%2Fmedia&parent=4"}],"curies":[{"name":"wp","href":"https:\/\/api.w.org\/{rel}","templated":true}]}}