{"id":66,"date":"2020-07-08T19:38:43","date_gmt":"2020-07-08T19:38:43","guid":{"rendered":"http:\/\/deschmidt.de\/?page_id=66"},"modified":"2023-12-30T10:07:18","modified_gmt":"2023-12-30T10:07:18","slug":"ueber-mich","status":"publish","type":"page","link":"https:\/\/deschmidt.de\/?page_id=66","title":{"rendered":"\u00dcber mich"},"content":{"rendered":"\n<p><strong>Sch\u00f6n, dass ihr meine Webseite gefunden habt.<\/strong><br><br>Mein Name ist Annika de Schmidt, ich bin 1980 geboren und lebe mit meinem Mann, Hund und zwei Pferden in Meerbusch. Angefangen als klassischer Freizeitreiter, habe ich 2003 aufs Westernreiten umgesattelt. Auch damals habe ich immer schon sehr viel Wert auf Bodenarbeit und Gymnastizierung gelegt. Ein gl\u00fccklicher Zufall hat mich dann vor \u00fcber 10 Jahren der <strong>klassichen Reitkunst<\/strong> n\u00e4hergebracht, der ich seither meine ganze Leidenschaft widme.<\/p>\n\n\n\n<p>Nach zahlreichen Weiterbildungen, habe ich mich Anfang 2019 als mobile Reitlehrerin selbstst\u00e4ndig gemacht und biete seither Reitunterricht im Raum <strong>Meerbusch<\/strong>, <strong>Krefeld<\/strong>, <strong>Neuss<\/strong>, <strong>D\u00fcsseldorf <\/strong>und Umgebung an.<\/p>\n\n\n\n<p>Den Schwerpunkt lege ich dabei auf:<\/p>\n\n\n\n<p>\u2022&nbsp;&nbsp;&nbsp;&nbsp;&nbsp;&nbsp;&nbsp;&nbsp;&nbsp;&nbsp;&nbsp; klassische Reitkunst<br>\u2022&nbsp;&nbsp;&nbsp;&nbsp;&nbsp;&nbsp;&nbsp;&nbsp;&nbsp;&nbsp;&nbsp; Handarbeit<br>\u2022&nbsp;&nbsp;&nbsp;&nbsp;&nbsp;&nbsp;&nbsp;&nbsp;&nbsp;&nbsp;&nbsp; Bodenarbeit<br>\u2022&nbsp;&nbsp;&nbsp;&nbsp;&nbsp;&nbsp;&nbsp;&nbsp;&nbsp;&nbsp;&nbsp; Langz\u00fcgel Arbeit<br>\u2022&nbsp;&nbsp;&nbsp;&nbsp;&nbsp;&nbsp;&nbsp;&nbsp;&nbsp;&nbsp;&nbsp; Longieren am Kappzaum<\/p>\n\n\n\n<p>Mein Unterricht ist absolut unabh\u00e4ngig von Alter und Ausbildungsstand bei Pferd und Mensch. Ich komme gerne zu Ihnen an den Stall und unterrichte Sie individuell mit Ihrem eigenen Pferd.<\/p>\n\n\n\n<figure class=\"wp-block-gallery has-nested-images columns-default is-cropped wp-block-gallery-1 is-layout-flex wp-block-gallery-is-layout-flex\">\n<figure class=\"wp-block-image size-large\"><img loading=\"lazy\" decoding=\"async\" width=\"1024\" height=\"1006\" data-id=\"263\" src=\"https:\/\/deschmidt.de\/wp-content\/uploads\/2023\/12\/DSC7778-13-ps-scaled-e1703930236791-1024x1006.jpg\" alt=\"\" class=\"wp-image-263\" srcset=\"https:\/\/deschmidt.de\/wp-content\/uploads\/2023\/12\/DSC7778-13-ps-scaled-e1703930236791-1024x1006.jpg 1024w, https:\/\/deschmidt.de\/wp-content\/uploads\/2023\/12\/DSC7778-13-ps-scaled-e1703930236791-300x295.jpg 300w, https:\/\/deschmidt.de\/wp-content\/uploads\/2023\/12\/DSC7778-13-ps-scaled-e1703930236791-768x755.jpg 768w, https:\/\/deschmidt.de\/wp-content\/uploads\/2023\/12\/DSC7778-13-ps-scaled-e1703930236791-1536x1509.jpg 1536w, https:\/\/deschmidt.de\/wp-content\/uploads\/2023\/12\/DSC7778-13-ps-scaled-e1703930236791-1200x1179.jpg 1200w, https:\/\/deschmidt.de\/wp-content\/uploads\/2023\/12\/DSC7778-13-ps-scaled-e1703930236791.jpg 1732w\" sizes=\"(max-width: 709px) 85vw, (max-width: 909px) 67vw, (max-width: 1362px) 62vw, 840px\" \/><\/figure>\n\n\n\n<figure class=\"wp-block-image size-large\"><img loading=\"lazy\" decoding=\"async\" width=\"681\" height=\"1024\" data-id=\"261\" src=\"https:\/\/deschmidt.de\/wp-content\/uploads\/2023\/12\/DSC7850-15-681x1024.jpg\" alt=\"\" class=\"wp-image-261\" srcset=\"https:\/\/deschmidt.de\/wp-content\/uploads\/2023\/12\/DSC7850-15-681x1024.jpg 681w, https:\/\/deschmidt.de\/wp-content\/uploads\/2023\/12\/DSC7850-15-200x300.jpg 200w, https:\/\/deschmidt.de\/wp-content\/uploads\/2023\/12\/DSC7850-15-768x1154.jpg 768w, https:\/\/deschmidt.de\/wp-content\/uploads\/2023\/12\/DSC7850-15-1022x1536.jpg 1022w, https:\/\/deschmidt.de\/wp-content\/uploads\/2023\/12\/DSC7850-15-1363x2048.jpg 1363w, https:\/\/deschmidt.de\/wp-content\/uploads\/2023\/12\/DSC7850-15-1200x1804.jpg 1200w, https:\/\/deschmidt.de\/wp-content\/uploads\/2023\/12\/DSC7850-15-scaled.jpg 1703w\" sizes=\"(max-width: 681px) 85vw, 681px\" \/><\/figure>\n\n\n\n<figure class=\"wp-block-image size-large\"><img loading=\"lazy\" decoding=\"async\" width=\"681\" height=\"1024\" data-id=\"264\" src=\"https:\/\/deschmidt.de\/wp-content\/uploads\/2023\/12\/DSC7754-12-ps-681x1024.jpg\" alt=\"\" class=\"wp-image-264\" srcset=\"https:\/\/deschmidt.de\/wp-content\/uploads\/2023\/12\/DSC7754-12-ps-681x1024.jpg 681w, https:\/\/deschmidt.de\/wp-content\/uploads\/2023\/12\/DSC7754-12-ps-200x300.jpg 200w, https:\/\/deschmidt.de\/wp-content\/uploads\/2023\/12\/DSC7754-12-ps-768x1154.jpg 768w, https:\/\/deschmidt.de\/wp-content\/uploads\/2023\/12\/DSC7754-12-ps-1022x1536.jpg 1022w, https:\/\/deschmidt.de\/wp-content\/uploads\/2023\/12\/DSC7754-12-ps-1363x2048.jpg 1363w, https:\/\/deschmidt.de\/wp-content\/uploads\/2023\/12\/DSC7754-12-ps-1200x1804.jpg 1200w, https:\/\/deschmidt.de\/wp-content\/uploads\/2023\/12\/DSC7754-12-ps-scaled.jpg 1703w\" sizes=\"(max-width: 681px) 85vw, 681px\" \/><\/figure>\n<\/figure>\n\n\n\n<div class=\"wp-block-group is-layout-flow wp-block-group-is-layout-flow\"><div class=\"wp-block-group__inner-container\">\n<figure class=\"wp-block-gallery aligncenter has-nested-images columns-default is-cropped wp-block-gallery-2 is-layout-flex wp-block-gallery-is-layout-flex\">\n<figure class=\"wp-block-image size-large\"><img loading=\"lazy\" decoding=\"async\" width=\"1024\" height=\"819\" src=\"https:\/\/deschmidt.de\/wp-content\/uploads\/2023\/12\/DSC7643-10-ps-1024x819.jpg\" alt=\"\" class=\"wp-image-266\" srcset=\"https:\/\/deschmidt.de\/wp-content\/uploads\/2023\/12\/DSC7643-10-ps-1024x819.jpg 1024w, https:\/\/deschmidt.de\/wp-content\/uploads\/2023\/12\/DSC7643-10-ps-300x240.jpg 300w, https:\/\/deschmidt.de\/wp-content\/uploads\/2023\/12\/DSC7643-10-ps-768x614.jpg 768w, https:\/\/deschmidt.de\/wp-content\/uploads\/2023\/12\/DSC7643-10-ps-1536x1229.jpg 1536w, https:\/\/deschmidt.de\/wp-content\/uploads\/2023\/12\/DSC7643-10-ps-2048x1638.jpg 2048w, https:\/\/deschmidt.de\/wp-content\/uploads\/2023\/12\/DSC7643-10-ps-1200x960.jpg 1200w\" sizes=\"(max-width: 709px) 85vw, (max-width: 909px) 67vw, (max-width: 1362px) 62vw, 840px\" \/><\/figure>\n\n\n\n<figure class=\"wp-block-image size-large\"><img loading=\"lazy\" decoding=\"async\" width=\"1024\" height=\"683\" src=\"https:\/\/deschmidt.de\/wp-content\/uploads\/2020\/11\/Foto-22.09.20-16-09-13-1024x683.jpg\" alt=\"\" class=\"wp-image-230\" srcset=\"https:\/\/deschmidt.de\/wp-content\/uploads\/2020\/11\/Foto-22.09.20-16-09-13-1024x683.jpg 1024w, https:\/\/deschmidt.de\/wp-content\/uploads\/2020\/11\/Foto-22.09.20-16-09-13-300x200.jpg 300w, https:\/\/deschmidt.de\/wp-content\/uploads\/2020\/11\/Foto-22.09.20-16-09-13-768x512.jpg 768w, https:\/\/deschmidt.de\/wp-content\/uploads\/2020\/11\/Foto-22.09.20-16-09-13-2048x1365.jpg 2048w, https:\/\/deschmidt.de\/wp-content\/uploads\/2020\/11\/Foto-22.09.20-16-09-13-1200x800.jpg 1200w\" sizes=\"(max-width: 709px) 85vw, (max-width: 909px) 67vw, (max-width: 1362px) 62vw, 840px\" \/><\/figure>\n<\/figure>\n\n\n\n<div class=\"wp-block-columns is-layout-flex wp-container-core-columns-layout-1 wp-block-columns-is-layout-flex\">\n<div class=\"wp-block-column is-layout-flow wp-block-column-is-layout-flow\" style=\"flex-basis:100%\">\n<div class=\"wp-block-group is-nowrap is-layout-flex wp-container-core-group-layout-1 wp-block-group-is-layout-flex\"><div class=\"wp-block-image\">\n<figure class=\"aligncenter size-large\"><img loading=\"lazy\" decoding=\"async\" width=\"1024\" height=\"802\" src=\"https:\/\/deschmidt.de\/wp-content\/uploads\/2020\/11\/1605091252586-01-1024x802.jpeg\" alt=\"\" class=\"wp-image-221\" style=\"aspect-ratio:1;object-fit:cover\" srcset=\"https:\/\/deschmidt.de\/wp-content\/uploads\/2020\/11\/1605091252586-01-1024x802.jpeg 1024w, https:\/\/deschmidt.de\/wp-content\/uploads\/2020\/11\/1605091252586-01-300x235.jpeg 300w, https:\/\/deschmidt.de\/wp-content\/uploads\/2020\/11\/1605091252586-01-768x602.jpeg 768w, https:\/\/deschmidt.de\/wp-content\/uploads\/2020\/11\/1605091252586-01-1536x1203.jpeg 1536w, https:\/\/deschmidt.de\/wp-content\/uploads\/2020\/11\/1605091252586-01-2048x1604.jpeg 2048w\" sizes=\"(max-width: 709px) 85vw, (max-width: 909px) 67vw, (max-width: 1362px) 62vw, 840px\" \/><\/figure><\/div>\n\n<div class=\"wp-block-image\">\n<figure class=\"aligncenter size-large\"><img loading=\"lazy\" decoding=\"async\" width=\"1024\" height=\"828\" src=\"https:\/\/deschmidt.de\/wp-content\/uploads\/2020\/11\/16053551726842656-1024x828.jpeg\" alt=\"\" class=\"wp-image-228\" style=\"aspect-ratio:1;object-fit:cover\" srcset=\"https:\/\/deschmidt.de\/wp-content\/uploads\/2020\/11\/16053551726842656-1024x828.jpeg 1024w, https:\/\/deschmidt.de\/wp-content\/uploads\/2020\/11\/16053551726842656-300x243.jpeg 300w, https:\/\/deschmidt.de\/wp-content\/uploads\/2020\/11\/16053551726842656-768x621.jpeg 768w, https:\/\/deschmidt.de\/wp-content\/uploads\/2020\/11\/16053551726842656-1536x1242.jpeg 1536w, https:\/\/deschmidt.de\/wp-content\/uploads\/2020\/11\/16053551726842656-2048x1655.jpeg 2048w, https:\/\/deschmidt.de\/wp-content\/uploads\/2020\/11\/16053551726842656-1200x970.jpeg 1200w\" sizes=\"(max-width: 709px) 85vw, (max-width: 909px) 67vw, (max-width: 1362px) 62vw, 840px\" \/><\/figure><\/div>\n\n<div class=\"wp-block-image\">\n<figure class=\"aligncenter size-large\"><img loading=\"lazy\" decoding=\"async\" width=\"819\" height=\"1024\" src=\"https:\/\/deschmidt.de\/wp-content\/uploads\/2023\/12\/DSC7556-8-ps-819x1024.jpg\" alt=\"\" class=\"wp-image-268\" style=\"aspect-ratio:2\/3;object-fit:contain\" srcset=\"https:\/\/deschmidt.de\/wp-content\/uploads\/2023\/12\/DSC7556-8-ps-819x1024.jpg 819w, https:\/\/deschmidt.de\/wp-content\/uploads\/2023\/12\/DSC7556-8-ps-240x300.jpg 240w, https:\/\/deschmidt.de\/wp-content\/uploads\/2023\/12\/DSC7556-8-ps-768x960.jpg 768w, https:\/\/deschmidt.de\/wp-content\/uploads\/2023\/12\/DSC7556-8-ps-1229x1536.jpg 1229w, https:\/\/deschmidt.de\/wp-content\/uploads\/2023\/12\/DSC7556-8-ps-1638x2048.jpg 1638w, https:\/\/deschmidt.de\/wp-content\/uploads\/2023\/12\/DSC7556-8-ps-1200x1500.jpg 1200w, https:\/\/deschmidt.de\/wp-content\/uploads\/2023\/12\/DSC7556-8-ps-scaled.jpg 2048w\" sizes=\"(max-width: 819px) 85vw, 819px\" \/><\/figure><\/div><\/div>\n<\/div>\n<\/div>\n\n\n\n<figure class=\"wp-block-image size-large\"><img loading=\"lazy\" decoding=\"async\" width=\"1024\" height=\"681\" src=\"https:\/\/deschmidt.de\/wp-content\/uploads\/2023\/12\/DSC8037-17-ps-1024x681.jpg\" alt=\"\" class=\"wp-image-259\" srcset=\"https:\/\/deschmidt.de\/wp-content\/uploads\/2023\/12\/DSC8037-17-ps-1024x681.jpg 1024w, https:\/\/deschmidt.de\/wp-content\/uploads\/2023\/12\/DSC8037-17-ps-300x200.jpg 300w, https:\/\/deschmidt.de\/wp-content\/uploads\/2023\/12\/DSC8037-17-ps-768x511.jpg 768w, https:\/\/deschmidt.de\/wp-content\/uploads\/2023\/12\/DSC8037-17-ps-1536x1022.jpg 1536w, https:\/\/deschmidt.de\/wp-content\/uploads\/2023\/12\/DSC8037-17-ps-2048x1363.jpg 2048w, https:\/\/deschmidt.de\/wp-content\/uploads\/2023\/12\/DSC8037-17-ps-1200x798.jpg 1200w\" sizes=\"(max-width: 709px) 85vw, (max-width: 909px) 67vw, (max-width: 1362px) 62vw, 840px\" \/><\/figure>\n<\/div><\/div>\n\n\n\n<h2 class=\"wp-block-heading\">Ein Auszug meiner Weiterbildungen der letzten Jahre:<\/h2>\n\n\n\n<p><\/p>\n\n\n\n<div class=\"wp-block-group is-layout-flow wp-block-group-is-layout-flow\"><div class=\"wp-block-group__inner-container\">\n<figure class=\"wp-block-table is-style-regular\"><table><tbody><tr><td>2007 \u2013 2016<\/td><td>Regelm\u00e4\u00dfiges Training bei einer Sch\u00fclerin von Bent Branderup und Philippe Karl<\/td><\/tr><tr><td>Seit 2017<\/td><td>Regelm\u00e4\u00dfiges Training bei Steffi Lindemann, Sch\u00fclerin von Sabine Oettel Meisterin der akademischen Reitkunst<\/td><\/tr><tr><td>Februar 2018<\/td><td>Seminarteilnahme Reitkunst Akademie F\u00fcrstliche Hofreitschule B\u00fcckeburg<\/td><\/tr><tr><td>Oktober 2018<\/td><td>Seminarteilnahme Reitkunst Akademie F\u00fcrstliche Hofreitschule B\u00fcckeburg<\/td><\/tr><tr><td>Mai 2019<\/td><td>Zirkuslehrgang Peter Deicke<\/td><\/tr><tr><td>Juni 2019<\/td><td>Reitkurs bei Diana Krischke<\/td><\/tr><tr><td>Juni 2019<\/td><td>Equiart Seminar<\/td><\/tr><tr><td>Juli 2019<\/td><td>Week Student Kathrin Branderup-Tannous<\/td><\/tr><tr><td>November 2019<\/td><td>Reitkurs bei Julika Tabertshofer<\/td><\/tr><tr><td>Februar 2020<\/td><td>Seminarteilnahme Reitkunst Akademie F\u00fcrstliche Hofreitschule B\u00fcckeburg<\/td><\/tr><tr><td>Juni 2020<\/td><td>Reitkurs bei Diana Krischke<\/td><\/tr><\/tbody><\/table><\/figure>\n<\/div><\/div>\n\n\n\n<p>Weitere Kurse sind in Planung&#8230;<\/p>\n\n\n\n<figure class=\"wp-block-image size-large\"><img loading=\"lazy\" decoding=\"async\" width=\"681\" height=\"1024\" src=\"https:\/\/deschmidt.de\/wp-content\/uploads\/2023\/12\/DSC7577-9-681x1024.jpg\" alt=\"\" class=\"wp-image-267\" srcset=\"https:\/\/deschmidt.de\/wp-content\/uploads\/2023\/12\/DSC7577-9-681x1024.jpg 681w, https:\/\/deschmidt.de\/wp-content\/uploads\/2023\/12\/DSC7577-9-200x300.jpg 200w, https:\/\/deschmidt.de\/wp-content\/uploads\/2023\/12\/DSC7577-9-768x1154.jpg 768w, https:\/\/deschmidt.de\/wp-content\/uploads\/2023\/12\/DSC7577-9-1022x1536.jpg 1022w, https:\/\/deschmidt.de\/wp-content\/uploads\/2023\/12\/DSC7577-9-1363x2048.jpg 1363w, https:\/\/deschmidt.de\/wp-content\/uploads\/2023\/12\/DSC7577-9-1200x1804.jpg 1200w, https:\/\/deschmidt.de\/wp-content\/uploads\/2023\/12\/DSC7577-9-scaled.jpg 1703w\" sizes=\"(max-width: 681px) 85vw, 681px\" \/><\/figure>\n\n\n\n<p><\/p>\n","protected":false},"excerpt":{"rendered":"<p>Sch\u00f6n, dass ihr meine Webseite gefunden habt. Mein Name ist Annika de Schmidt, ich bin 1980 geboren und lebe mit meinem Mann, Hund und zwei Pferden in Meerbusch. Angefangen als klassischer Freizeitreiter, habe ich 2003 aufs Westernreiten umgesattelt. Auch damals habe ich immer schon sehr viel Wert auf Bodenarbeit und Gymnastizierung gelegt. Ein gl\u00fccklicher Zufall &hellip; <a href=\"https:\/\/deschmidt.de\/?page_id=66\" class=\"more-link\"><span class=\"screen-reader-text\">\u201e\u00dcber mich\u201c<\/span> weiterlesen<\/a><\/p>\n","protected":false},"author":1,"featured_media":32,"parent":0,"menu_order":3,"comment_status":"closed","ping_status":"closed","template":"","meta":{"footnotes":""},"_links":{"self":[{"href":"https:\/\/deschmidt.de\/index.php?rest_route=\/wp\/v2\/pages\/66"}],"collection":[{"href":"https:\/\/deschmidt.de\/index.php?rest_route=\/wp\/v2\/pages"}],"about":[{"href":"https:\/\/deschmidt.de\/index.php?rest_route=\/wp\/v2\/types\/page"}],"author":[{"embeddable":true,"href":"https:\/\/deschmidt.de\/index.php?rest_route=\/wp\/v2\/users\/1"}],"replies":[{"embeddable":true,"href":"https:\/\/deschmidt.de\/index.php?rest_route=%2Fwp%2Fv2%2Fcomments&post=66"}],"version-history":[{"count":27,"href":"https:\/\/deschmidt.de\/index.php?rest_route=\/wp\/v2\/pages\/66\/revisions"}],"predecessor-version":[{"id":278,"href":"https:\/\/deschmidt.de\/index.php?rest_route=\/wp\/v2\/pages\/66\/revisions\/278"}],"wp:featuredmedia":[{"embeddable":true,"href":"https:\/\/deschmidt.de\/index.php?rest_route=\/wp\/v2\/media\/32"}],"wp:attachment":[{"href":"https:\/\/deschmidt.de\/index.php?rest_route=%2Fwp%2Fv2%2Fmedia&parent=66"}],"curies":[{"name":"wp","href":"https:\/\/api.w.org\/{rel}","templated":true}]}}